{"id":2652,"date":"2020-12-02T01:25:32","date_gmt":"2020-12-02T01:25:32","guid":{"rendered":"http:\/\/c2040659.ferozo.com\/parque\/?post_type=product&#038;p=2652"},"modified":"2026-04-10T11:23:18","modified_gmt":"2026-04-10T14:23:18","slug":"pase-aldeanos","status":"publish","type":"product","link":"https:\/\/penondelaguila.com.ar\/parque\/product\/pase-aldeanos\/","title":{"rendered":"Pase de los Aldeanos"},"content":{"rendered":"<p>INCLUYE:<\/p>\n<ul class=\"elementor-icon-list-items\">\n<li class=\"elementor-icon-list-item\"><i class=\"fas fa-trailer\" aria-hidden=\"true\"><\/i><span class=\"elementor-icon-list-text\">Acceso en tren tirol\u00e9s<\/span><\/li>\n<li>\n<p data-pm-slice=\"1 1 []\">Arco y flecha<\/p>\n<\/li>\n<li>\n<p data-pm-slice=\"1 1 []\">Arborismos<\/p>\n<\/li>\n<li class=\"elementor-icon-list-item\"><i class=\"fas fa-arrow-right\" aria-hidden=\"true\"><\/i><span class=\"elementor-icon-list-text\">RG <\/span><i class=\"fas fa-tree\" aria-hidden=\"true\"><\/i><\/li>\n<li><span class=\"elementor-icon-list-text\">Reserva natural<\/span><\/li>\n<li class=\"elementor-icon-list-item\"><i class=\"fas fa-music\" aria-hidden=\"true\"><\/i><span class=\"elementor-icon-list-text\">Show musical<\/span><\/li>\n<\/ul>\n<p>&nbsp;<\/p>\n<p>&nbsp;<\/p>\n<p data-pm-slice=\"1 1 []\"><strong>Condiciones F\u00edsicas para las actividades:<\/strong><\/p>\n<p>Peso m\u00e1ximo para Tirolesas 120 kg. A partir de los 4 a\u00f1os.<\/p>\n<p>Estatura m\u00ednima Arborismo Alpino y Suizo 1,30 mtr. peso m\u00e1ximo 100 kg.<\/p>\n<p>Salto del \u00c1guila peso 35 kg como m\u00ednimo, 90 kg como m\u00e1ximo<\/p>\n<p>Edad m\u00ednima Palestra y Arco y Flecha a partir de los 8 a\u00f1os de edad. Peso m\u00e1ximo 100kg.<\/p>\n<p>Rapel, Via Ferrata y Super Tirolesa peso m\u00e1ximo 100 kg. A partir de 14 a\u00f1os<\/p>\n<p>Se suspende por lluvia.<\/p>\n<p>Show Musical: S\u00e1bados, Domingos y feriados<\/p>\n<p>INDUMENTARIA C\u00d3MODA \/ DEPORTIVA \/ ZAPATILLAS APTAS<\/p>\n","protected":false},"excerpt":{"rendered":"<p>Para un d\u00eda relajado en Pe\u00f1\u00f3n del \u00c1guila<\/p>\n<p>En la estaci\u00f3n Roble el tren sale cada 20 min. (Viernes, S\u00e1bados, Domingos y Feriados)<\/p>\n<p>INGRESO GRATUITO PARA NI\u00d1OS DE 0 A 3 A\u00d1OS<\/p>\n","protected":false},"featured_media":5582,"comment_status":"closed","ping_status":"closed","template":"","meta":[],"product_cat":[79],"product_tag":[],"_links":{"self":[{"href":"https:\/\/penondelaguila.com.ar\/parque\/wp-json\/wp\/v2\/product\/2652"}],"collection":[{"href":"https:\/\/penondelaguila.com.ar\/parque\/wp-json\/wp\/v2\/product"}],"about":[{"href":"https:\/\/penondelaguila.com.ar\/parque\/wp-json\/wp\/v2\/types\/product"}],"replies":[{"embeddable":true,"href":"https:\/\/penondelaguila.com.ar\/parque\/wp-json\/wp\/v2\/comments?post=2652"}],"wp:featuredmedia":[{"embeddable":true,"href":"https:\/\/penondelaguila.com.ar\/parque\/wp-json\/wp\/v2\/media\/5582"}],"wp:attachment":[{"href":"https:\/\/penondelaguila.com.ar\/parque\/wp-json\/wp\/v2\/media?parent=2652"}],"wp:term":[{"taxonomy":"product_cat","embeddable":true,"href":"https:\/\/penondelaguila.com.ar\/parque\/wp-json\/wp\/v2\/product_cat?post=2652"},{"taxonomy":"product_tag","embeddable":true,"href":"https:\/\/penondelaguila.com.ar\/parque\/wp-json\/wp\/v2\/product_tag?post=2652"}],"curies":[{"name":"wp","href":"https:\/\/api.w.org\/{rel}","templated":true}]}}