{"id":2626,"date":"2020-12-02T01:20:30","date_gmt":"2020-12-02T04:20:30","guid":{"rendered":"http:\/\/c2040659.ferozo.com\/parque\/?post_type=product&#038;p=2626"},"modified":"2026-01-06T09:20:06","modified_gmt":"2026-01-06T12:20:06","slug":"pase-del-aguila","status":"publish","type":"product","link":"https:\/\/penondelaguila.com.ar\/parque\/product\/pase-del-aguila\/","title":{"rendered":"Pase \u00c1guila Full"},"content":{"rendered":"<p><b>Desde 14 a\u00f1os<\/b><\/p>\n<p><span style=\"font-weight: 400;\">INCLUYE:<\/span><\/p>\n<ul>\n<li style=\"font-weight: 400;\" aria-level=\"1\">Todas las actividades del PASE GAMBRINUS + VIA FERRATA<\/li>\n<\/ul>\n<p>&nbsp;<\/p>\n<p>&nbsp;<\/p>\n<p><span style=\"color: #ff0000;\"><strong>IMPORTANTE: Los turnos para tirolesa son limitados y se otorgan POR ORDEN DE LLEGADA. Tenga en cuenta que para asegurarse el mismo deber\u00e1 presentarse entre las 10:30 y las 11:00 hs. el d\u00eda reservado en cualquiera de nuestras boleter\u00edas. SIN EXCEPCION.<\/strong><\/span><\/p>\n<p>&nbsp;<\/p>\n<p data-pm-slice=\"1 1 []\"><strong>Condiciones F\u00edsicas para las actividades:<\/strong><\/p>\n<p>Peso m\u00e1ximo para Tirolesas 120 kg. A partir de los 4 a\u00f1os.<\/p>\n<p>Estatura m\u00ednima Arborismo Alpino y Suizo 1,30 mtr. peso m\u00e1ximo 100 kg.<\/p>\n<p>Salto del \u00c1guila peso 35 kg como m\u00ednimo, 90 kg como m\u00e1ximo<\/p>\n<p>Edad m\u00ednima Palestra y Arco y Flecha a partir de los 8 a\u00f1os de edad. Peso m\u00e1ximo 100kg. Se suspende por lluvia.<\/p>\n<p>Via Ferrata y Super Tirolesa peso m\u00e1ximo 100 kg. A partir de 14 a\u00f1os Se suspende por lluvia.<\/p>\n<p>Show Musical: S\u00e1bados, Domingos y feriados<\/p>\n<p>INDUMENTARIA C\u00d3MODA \/ DEPORTIVA \/ ZAPATILLAS APTAS<\/p>\n","protected":false},"excerpt":{"rendered":"<p><span style=\"color: #333399;\"><strong>El pase de los m\u00e1s valientes! <\/strong><\/span><\/p>\n<p>\u00bfSabias que podes extender tu aventura?<\/p>\n<p>Presentando tu ticket + Pulsera podes regresar al dia siguiente para que sigas disfrutando!<\/p>\n<p>Este pase vale por 2 d\u00edas consecutivos! Te lo vas a perder?<\/p>\n","protected":false},"featured_media":19503,"comment_status":"closed","ping_status":"closed","template":"","meta":[],"product_cat":[77],"product_tag":[],"_links":{"self":[{"href":"https:\/\/penondelaguila.com.ar\/parque\/wp-json\/wp\/v2\/product\/2626"}],"collection":[{"href":"https:\/\/penondelaguila.com.ar\/parque\/wp-json\/wp\/v2\/product"}],"about":[{"href":"https:\/\/penondelaguila.com.ar\/parque\/wp-json\/wp\/v2\/types\/product"}],"replies":[{"embeddable":true,"href":"https:\/\/penondelaguila.com.ar\/parque\/wp-json\/wp\/v2\/comments?post=2626"}],"wp:featuredmedia":[{"embeddable":true,"href":"https:\/\/penondelaguila.com.ar\/parque\/wp-json\/wp\/v2\/media\/19503"}],"wp:attachment":[{"href":"https:\/\/penondelaguila.com.ar\/parque\/wp-json\/wp\/v2\/media?parent=2626"}],"wp:term":[{"taxonomy":"product_cat","embeddable":true,"href":"https:\/\/penondelaguila.com.ar\/parque\/wp-json\/wp\/v2\/product_cat?post=2626"},{"taxonomy":"product_tag","embeddable":true,"href":"https:\/\/penondelaguila.com.ar\/parque\/wp-json\/wp\/v2\/product_tag?post=2626"}],"curies":[{"name":"wp","href":"https:\/\/api.w.org\/{rel}","templated":true}]}}