{"id":24930,"date":"2025-06-30T17:02:29","date_gmt":"2025-06-30T20:02:29","guid":{"rendered":"https:\/\/penondelaguila.com.ar\/parque\/?post_type=product&#038;p=24930"},"modified":"2025-07-04T12:54:17","modified_gmt":"2025-07-04T15:54:17","slug":"pase-gambrinus-menores-de-edad","status":"publish","type":"product","link":"https:\/\/penondelaguila.com.ar\/parque\/product\/pase-gambrinus-menores-de-edad\/","title":{"rendered":"Pase Gambrinus | Menores de edad"},"content":{"rendered":"<p>INCLUYE:<\/p>\n<ul class=\"elementor-icon-list-items\">\n<li class=\"elementor-icon-list-item\"><i class=\"fas fa-ticket-alt\" aria-hidden=\"true\"><\/i>\n<p data-pm-slice=\"1 1 []\">Pase Aldeanos + Palestra+ Salto del \u00c1guila + Vuelo del \u00c1guila ( 6 tirolesas)<\/p>\n<\/li>\n<\/ul>\n<p>&nbsp;<\/p>\n<p><span style=\"color: #ff0000;\"><strong>IMPORTANTE: Los turnos para tirolesa son limitados y se otorgan POR ORDEN DE LLEGADA. Tenga en cuenta que para asegurarse el mismo deber\u00e1 presentarse entre las 10:30 y las 11:00 hs. el d\u00eda reservado en cualquiera de nuestras boleter\u00edas. SIN EXCEPCION.<\/strong><\/span><\/p>\n<p>&nbsp;<\/p>\n<p data-pm-slice=\"1 1 []\"><strong>Condiciones F\u00edsicas para las actividades:<\/strong><\/p>\n<p>Peso m\u00e1ximo para Tirolesas 120 kg. A partir de los 4 a\u00f1os.<\/p>\n<p>Estatura m\u00ednima Arborismo Alpino y Suizo 1,30 mtr. peso m\u00e1ximo 100 kg.<\/p>\n<p>Salto del \u00c1guila peso 35 kg como m\u00ednimo, 90 kg como m\u00e1ximo<\/p>\n<p>Edad m\u00ednima Palestra y Arco y Flecha a partir de los 8 a\u00f1os de edad. Peso m\u00e1ximo 100kg.<\/p>\n<p>Rapel, Via Ferrata y Super Tirolesa peso m\u00e1ximo 100 kg. A partir de 14 a\u00f1os<\/p>\n<p>Se suspende por lluvia.<\/p>\n<p>Show Musical: S\u00e1bados, Domingos y feriados<\/p>\n<p>INDUMENTARIA C\u00d3MODA \/ DEPORTIVA \/ ZAPATILLAS APTAS<\/p>\n","protected":false},"excerpt":{"rendered":"<p>El pase de las aventureros&#8230;!Podr\u00e1n disfrutar<br \/>\nPe\u00f1\u00f3n del \u00c1guila de una manera \u00fanica! Al estilo de Gambrinus!<\/p>\n<p>&nbsp;<\/p>\n","protected":false},"featured_media":5586,"comment_status":"open","ping_status":"closed","template":"","meta":[],"product_cat":[78],"product_tag":[],"_links":{"self":[{"href":"https:\/\/penondelaguila.com.ar\/parque\/wp-json\/wp\/v2\/product\/24930"}],"collection":[{"href":"https:\/\/penondelaguila.com.ar\/parque\/wp-json\/wp\/v2\/product"}],"about":[{"href":"https:\/\/penondelaguila.com.ar\/parque\/wp-json\/wp\/v2\/types\/product"}],"replies":[{"embeddable":true,"href":"https:\/\/penondelaguila.com.ar\/parque\/wp-json\/wp\/v2\/comments?post=24930"}],"wp:featuredmedia":[{"embeddable":true,"href":"https:\/\/penondelaguila.com.ar\/parque\/wp-json\/wp\/v2\/media\/5586"}],"wp:attachment":[{"href":"https:\/\/penondelaguila.com.ar\/parque\/wp-json\/wp\/v2\/media?parent=24930"}],"wp:term":[{"taxonomy":"product_cat","embeddable":true,"href":"https:\/\/penondelaguila.com.ar\/parque\/wp-json\/wp\/v2\/product_cat?post=24930"},{"taxonomy":"product_tag","embeddable":true,"href":"https:\/\/penondelaguila.com.ar\/parque\/wp-json\/wp\/v2\/product_tag?post=24930"}],"curies":[{"name":"wp","href":"https:\/\/api.w.org\/{rel}","templated":true}]}}