{"id":18636,"date":"2024-01-04T14:27:22","date_gmt":"2024-01-04T17:27:22","guid":{"rendered":"https:\/\/penondelaguila.com.ar\/parque\/?post_type=product&#038;p=18636"},"modified":"2025-07-04T12:54:49","modified_gmt":"2025-07-04T15:54:49","slug":"pase-del-aguila-acuatica","status":"publish","type":"product","link":"https:\/\/penondelaguila.com.ar\/parque\/product\/pase-del-aguila-acuatica\/","title":{"rendered":"Pase del \u00c1guila Acu\u00e1tica"},"content":{"rendered":"<div class=\"TypographyPresentation TypographyPresentation--m RichText3-paragraph--withVSpacingNormal RichText3-paragraph\"><\/div>\n<p>Incluye:<\/p>\n<p>&nbsp;<\/p>\n<p>PASE DE LOS ALDEANOS + V\u00eda Ferrata + Tirolesa Acu\u00e1tica + Soga Acu\u00e1tica + Equilibrio Acu\u00e1tico + Snorkeling con Truchas Arco\u00edris<\/p>\n<p>&nbsp;<\/p>\n<p>(*) Pase \u00c1guila Acu\u00e1tica. Sujeto a climatolog\u00eda e hidrolog\u00eda. Consultar previamente desde las 10 hs al +54 3512452101. De todos modos el pase es intercambiable, alternativamente, con Pase Gambrinus.<\/p>\n<p>&nbsp;<\/p>\n<p>*Pod\u00e9s volver al d\u00eda siguiente para completar las actividades pendientes.<\/p>\n<p>&nbsp;<\/p>\n<div class=\"TypographyPresentation TypographyPresentation--m RichText3-paragraph--withVSpacingNormal RichText3-paragraph\">\u00bfListos para el desaf\u00edo? \u00a1Conoc\u00e9 4 nuevas actividades!<\/div>\n<div><\/div>\n<div><strong>EQUILIBRIO ACU\u00c1TICO<\/strong><\/div>\n<div class=\"TypographyPresentation TypographyPresentation--m RichText3-paragraph--withVSpacingNormal RichText3-paragraph\">\n<div class=\"TypographyPresentation TypographyPresentation--m RichText3-paragraph--withVSpacingNormal RichText3-paragraph\">Experiment\u00e1 la aventura de una actividad donde la destreza te permitir\u00e1 cruzar de pendiente en pendiente de un cable, procurando no caerte en las fr\u00edas aguas del lago Langer See (Lago Largo).<\/div>\n<div class=\"TypographyPresentation TypographyPresentation--m RichText3-paragraph--withVSpacingNormal RichText3-paragraph\"><\/div>\n<div class=\"TypographyPresentation TypographyPresentation--m RichText3-paragraph--withVSpacingNormal RichText3-paragraph\"><strong>SOGA ACU\u00c1TICA<\/strong><\/div>\n<div class=\"TypographyPresentation TypographyPresentation--m RichText3-paragraph--withVSpacingNormal RichText3-paragraph\">Un recorrido sobre sogas sobre el Langer See (Lago Largo), que pondr\u00e1n a prueba tus habilidades de equilibrio y capacidad de aguante.<\/div>\n<div class=\"TypographyPresentation TypographyPresentation--m RichText3-paragraph--withVSpacingNormal RichText3-paragraph\"><\/div>\n<div class=\"TypographyPresentation TypographyPresentation--m RichText3-paragraph--withVSpacingNormal RichText3-paragraph\"><strong>SNORKELING CON TRUCHAS ARCO\u00cdRIS<\/strong><\/div>\n<div class=\"TypographyPresentation TypographyPresentation--m RichText3-paragraph--withVSpacingNormal RichText3-paragraph\">Snorkeling, con mascaras de \u00faltima tecnolog\u00eda, con truchas arcoiris en el Langer See \u00a1Una experiencia incre\u00edble que no pod\u00e9s dejar de probar!<\/div>\n<div class=\"TypographyPresentation TypographyPresentation--m RichText3-paragraph--withVSpacingNormal RichText3-paragraph\"><\/div>\n<div class=\"TypographyPresentation TypographyPresentation--m RichText3-paragraph--withVSpacingNormal RichText3-paragraph\"><strong>TIROLESA ACU\u00c1TICA<\/strong><\/div>\n<div class=\"TypographyPresentation TypographyPresentation--m RichText3-paragraph--withVSpacingNormal RichText3-paragraph\">Una aut\u00e9ntica traves\u00eda en tirolesa r\u00edo abajo sobre el lago Langer See que termina en una acuatizaci\u00f3n, una incre\u00edble zambullida que asegura la diversi\u00f3n de grandes y chicos.<\/div>\n<\/div>\n","protected":false},"excerpt":{"rendered":"<p>Incluye: &nbsp; PASE DE LOS ALDEANOS + V\u00eda Ferrata + Tirolesa Acu\u00e1tica + Soga Acu\u00e1tica + Equilibrio Acu\u00e1tico + Snorkeling con Truchas Arco\u00edris &nbsp; (*) Pase \u00c1guila Acu\u00e1tica. Sujeto a climatolog\u00eda e hidrolog\u00eda. Consultar previamente desde las 10 hs al [&hellip;]<\/p>\n","protected":false},"featured_media":19495,"comment_status":"closed","ping_status":"closed","template":"","meta":[],"product_cat":[77],"product_tag":[],"_links":{"self":[{"href":"https:\/\/penondelaguila.com.ar\/parque\/wp-json\/wp\/v2\/product\/18636"}],"collection":[{"href":"https:\/\/penondelaguila.com.ar\/parque\/wp-json\/wp\/v2\/product"}],"about":[{"href":"https:\/\/penondelaguila.com.ar\/parque\/wp-json\/wp\/v2\/types\/product"}],"replies":[{"embeddable":true,"href":"https:\/\/penondelaguila.com.ar\/parque\/wp-json\/wp\/v2\/comments?post=18636"}],"wp:featuredmedia":[{"embeddable":true,"href":"https:\/\/penondelaguila.com.ar\/parque\/wp-json\/wp\/v2\/media\/19495"}],"wp:attachment":[{"href":"https:\/\/penondelaguila.com.ar\/parque\/wp-json\/wp\/v2\/media?parent=18636"}],"wp:term":[{"taxonomy":"product_cat","embeddable":true,"href":"https:\/\/penondelaguila.com.ar\/parque\/wp-json\/wp\/v2\/product_cat?post=18636"},{"taxonomy":"product_tag","embeddable":true,"href":"https:\/\/penondelaguila.com.ar\/parque\/wp-json\/wp\/v2\/product_tag?post=18636"}],"curies":[{"name":"wp","href":"https:\/\/api.w.org\/{rel}","templated":true}]}}